{"id":2854,"date":"2019-06-18T07:35:59","date_gmt":"2019-06-18T07:35:59","guid":{"rendered":"http:\/\/magik003.ro\/politica-per-luso-dei-cookie\/"},"modified":"2019-06-18T07:36:01","modified_gmt":"2019-06-18T07:36:01","slug":"politica-per-luso-dei-cookie","status":"publish","type":"page","link":"https:\/\/www.magik003.ro\/it\/politica-per-luso-dei-cookie\/","title":{"rendered":"Politica per l\u2019uso dei cookie"},"content":{"rendered":"<div class=\"wpb-content-wrapper\"><p>[vc_row][vc_column css=&#8221;.vc_custom_1560254502247{padding-top: 50px !important;padding-bottom: 50px !important;}&#8221;][vc_column_text]<\/p>\n<ol>\n<li><strong> Politica per l\u2019uso dei cookie<\/strong><\/li>\n<\/ol>\n<p>Questa politica riguarda i cookie e le pagine Web gestiti da MAGIK &#8211; 003 PROD SRL con sede a Jilava, Via Prelungirea \u015eos. Giurgiului 33 A, distretto di Ilfov, (di seguito denominato MAGIK 003).<\/p>\n<p>&nbsp;<\/p>\n<ol start=\"2\">\n<li><strong> Che sono i Cookie? <\/strong><\/li>\n<\/ol>\n<p>Il cookie \u00e8 un piccolo file formato da lettere e numeri che verr\u00e0 memorizzato sul tuo computer, terminale mobile o altra attrezzatura di un utente che accede a internet. Il cookie viene installato tramite una richiesta del Web-server ad un browser (ad esempio Internet Explorer, Chrome) ed \u00e8 completamente &#8220;passivo&#8221; (non contiene software, virus o spyware e non pu\u00f2 accedere alle informazioni sul disco rigido dell&#8217;utente).<\/p>\n<p>&nbsp;<\/p>\n<ol start=\"3\">\n<li><strong> A cosa utilizzati i Cookie?<\/strong><\/li>\n<\/ol>\n<p>Questi file consentono il riconoscimento del terminale dell&#8217;utente e la presentazione del contenuto in modo pertinente, adattato alle preferenze dell&#8217;utente. I cookie offrono agli utenti un&#8217;esperienza di navigazione piacevole e sostengono gli sforzi di MAGIK 003 per fornire servizi di facile utilizzo: es: &#8211; le preferenze sulla privacy online, carrello della spesa o pubblicit\u00e0 adeguata. Inoltre, vengono utilizzati nella preparazione di statistiche anonime aggregate che ci aiutano a capire in che modo un utente beneficia dalle nostre pagine Web, permettendoci di migliorare la loro struttura e il loro contenuto, escludendo l&#8217;identificazione personale dell&#8217;utente.<\/p>\n<p>&nbsp;<\/p>\n<ol start=\"4\">\n<li><strong> Che tipo di Cookie utilizziamo?<\/strong><\/li>\n<\/ol>\n<p>Utilizziamo due tipi di cookie: fissi e per sessione. Questi ultimi sono file temporanei che rimangono nel terminale dell&#8217;utente fino alla fine della sessione o alla chiusura dell&#8217;applicazione (del browser Web). I file fissi rimangono sul terminale dell&#8217;utente per un periodo nei parametri del Cookie o finch\u00e9 non vengono cancellati manualmente dall&#8217;utente.<\/p>\n<p>&nbsp;<\/p>\n<ol start=\"5\">\n<li><strong> Come vengono utilizzati i Cookie da questo sito?<\/strong><\/li>\n<\/ol>\n<p>Una visita su questo sito pu\u00f2 inserire cookie per scopi di:<\/p>\n<ul>\n<li>Cookie di prestazione del sito<\/li>\n<li>Cookie di analisi dei visitatori<\/li>\n<li>Cookie per il targeting geografico<\/li>\n<li>Cookie per registrazione<\/li>\n<li>Cookie per pubblicit\u00e0<\/li>\n<li>Cookie dei fornitori di pubblicit\u00e0<\/li>\n<\/ul>\n<p>&nbsp;<\/p>\n<p>&nbsp;<\/p>\n<ol start=\"6\">\n<li><strong> Contengono i Cookie dati personali?<\/strong><\/li>\n<\/ol>\n<p>I cookie stessi non richiedono l&#8217;utilizzo di dati personali per poter essere utilizzati e, nella maggior parte dei casi, non identificano personalmente gli utenti di Internet. I dati personali raccolti attraverso l&#8217;uso dei Cookie possono essere raccolti solo per facilitare alcune funzionalit\u00e0 per l&#8217;utente. Pertanto, i dati vengono crittografati in modo che rende impossibile l\u2019accesso delle persone non autorizzate.<\/p>\n<p>&nbsp;<\/p>\n<ol start=\"7\">\n<li><strong> L\u2019eliminazione dei Cookie<\/strong><\/li>\n<\/ol>\n<p>In genere, un&#8217;applicazione utilizzata per accedere alle pagine Web consente di salvare i Cookie sul terminale per impostazione predefinita. Queste impostazioni possono essere modificate in modo che l&#8217;amministrazione automatica dei Cookie sia bloccata dal browser web o l&#8217;utente viene informato ogni volta che i Cookie vengono inviati al suo terminale. Informazioni dettagliate sulle possibilit\u00e0 e le modalit\u00e0 di gestione dei Cookie sono disponibili nell&#8217;area delle impostazioni dell&#8217;applicazione (del browser Web). Limitare l&#8217;uso dei Cookie pu\u00f2 influire su alcune funzionalit\u00e0 della pagina web.<\/p>\n<p>&nbsp;<\/p>\n<ol start=\"8\">\n<li><strong> Perch\u00e9 sono importanti i Cookie per l\u2019Internet?<\/strong><\/li>\n<\/ol>\n<p>I Cookie rappresentano il punto centrale del funzionamento efficiente del Internet, contribuendo a generare un&#8217;esperienza di navigazione amichevole e adattata alle preferenze e agli interessi di ciascun utente. Il rifiuto o la disattivazione dei cookie pu\u00f2 rendere alcuni siti impossibili da utilizzare.<\/p>\n<p>&nbsp;<\/p>\n<p>Il rifiuto o la disattivazione dei Cookie non significa che non riceverai pubblicit\u00e0 online \u2013 ma soltanto che questa non sar\u00e0 pi\u00f9 in grado di tenere conto delle tue preferenze ed interessi evidenziati dal tuo comportamento di navigazione.<\/p>\n<p>&nbsp;<\/p>\n<p>Esempi di importanti usi dei cookie (che non richiedono l&#8217;autenticazione di un utente tramite un account):<\/p>\n<ul>\n<li>Contenuto e servizi personalizzati in base alle preferenze dell&#8217;utente: categorie di prodotti e servizi.<\/li>\n<li>Offerte adeguate agli interessi degli utenti &#8211; salvare le password.<\/li>\n<li>Salvare i filtri di protezione per i bambini per quanto riguarda il contenuto su internet (opzioni in modalit\u00e0 famiglia, funzioni di ricerca sicura).<\/li>\n<li>Limitare la frequenza di diffusione della pubblicit\u00e0: limitare il numero di impressioni di un annuncio per un certo utente su un sito.<\/li>\n<li>Fornire pubblicit\u00e0 pi\u00f9 adeguata per l&#8217;utente.<\/li>\n<li>Funzioni di misurazione, ottimizzazione e analisi &#8211; come la conferma di un certo livello di traffico su un sito Web, il tipo di contenuto visualizzato e il modo in cui un utente raggiunge un sito Web (ad esempio, tramite i motori di ricerca, direttamente, da altri siti Web, ecc). I siti Web svolgono queste analisi del loro utilizzo per migliorare i siti a vantaggio degli utenti.<\/li>\n<\/ul>\n<p>&nbsp;<\/p>\n<ol start=\"9\">\n<li><strong> Sicurezza e problemi di privacy<\/strong><\/li>\n<\/ol>\n<p>I Cookie NON sono virus! Loro usano formati di testo normale. Non sono costituiti da pezzi di codice, quindi non possono essere eseguiti e non possono funzionare da soli. Di conseguenza, non possono duplicarsi o replicarsi su altre reti per eseguire o replicare di nuovo. Poich\u00e9 non possono eseguire queste funzioni, non possono essere considerati virus.<\/p>\n<p>I cookie possono tuttavia essere utilizzati a scopi negativi. Perch\u00e9 memorizzano le informazioni sulle tue preferenze e la cronologia di navigazione dell\u2019utente, sia su un certo sito che su diversi altri siti, i cookie possono essere utilizzati come una forma di Spyware. Molti prodotti anti-spyware ne sono consapevoli e contrassegnano costantemente i cookie da eliminare nelle procedure di cancellazione \/ scansione anti-virus \/ anti-spyware.<\/p>\n<p>&nbsp;<\/p>\n<p>In genere, i browser hanno impostazioni di privacy incorporate che forniscono diversi livelli di accettazione dei cookie, la scadenza e cancellazione automatica dopo che l&#8217;utente ha visitato un certo sito.<\/p>\n<p>&nbsp;<\/p>\n<p><strong>Altri aspetti della sicurezza dei cookie: <\/strong><\/p>\n<p>Dato che la protezione dell&#8217;identit\u00e0 \u00e8 molto preziosa ed \u00e8 il diritto di ogni utente di internet, \u00e8 oportuno sapere che tipo di problemi possono creare i cookie. Perch\u00e9 attraverso di loro vengono costantemente trasmesse informazioni in entrambe le direzioni, tra il browser e il sito Web, se un hacker o una persona non autorizzata interferisce nel percorso di trasmissione dei dati, le informazioni contenute dei cookie possono essere intercettate.<\/p>\n<p>Sebbene molto raro, ci\u00f2 pu\u00f2 accadere se il browser si collega al server utilizzando una rete non crittografata (ad es. Una rete WiFi non protetta).<\/p>\n<p>&nbsp;<\/p>\n<p>Altri attacchi basati sui cookie implicano impostazioni errate dei cookie sui server. Se un sito Web non richiede che il browser utilizzi solo canali crittografati, i hacker possono utilizzare questa vulnerabilit\u00e0 per indurre in errore i browser a inviare informazioni attraverso i canali non protetti. I hacker utilizzano quindi le informazioni per accedere non autorizzato certi siti. \u00c8 molto importante stare attenti nella scelta del metodo pi\u00f9 appropriato per proteggere le informazioni personali.<\/p>\n<p>&nbsp;<\/p>\n<p><strong>Consigli per una navigazione sicura e responsabile basata sui cookie.<\/strong><\/p>\n<p>Grazie alla loro flessibilit\u00e0 e del fatto che la maggior parte dei siti pi\u00f9 visitati e quelli pi\u00f9 grandi utilizzano i cookie, sono quasi inevitabili. La disattivazione dei cookie non consentir\u00e0 all&#8217;utente l&#8217;accesso ai siti Web pi\u00f9 popolari e utilizzati tra cui Youtube, Gmail, Yahoo ed altri.<\/p>\n<p>&nbsp;<\/p>\n<p><strong>Ecco alcuni consigli che possono assicurarti di navigare senza preoccupazioni, ma utilizzando i cookie:<\/strong><\/p>\n<p>Personalizza le impostazioni del browser per quanto riguarda i cookie per riflettere un livello confortevole \u00a0della sicurezza dell\u2019utilizzo dei cookie.<\/p>\n<p>&nbsp;<\/p>\n<p>Se non ti dispiace i cookie e sei l&#8217;unica persona che usa il computer, puoi impostare le date di scadenza per la memorizzazione della cronologia di navigazione e dei dati personali per accesso.<\/p>\n<p>&nbsp;<\/p>\n<p>Se condividi l&#8217;accesso al computer, potete tenere conto di un&#8217;impostazione del browser per eliminare i dati individuali di navigazione ogni volta che si chiude il browser. Questo \u00e8 un modo per accedere ai siti che posizionano i cookie e anche un modo di cancellare qualsiasi informazione della visita, alla fine della sessione di navigazione.<\/p>\n<p>&nbsp;<\/p>\n<p>Installa e aggiorna costantemente le tue applicazioni antispyware. Molte delle applicazioni di rilevamento e prevenzione dello spyware includono il rilevamento degli attacchi ai siti. Cos\u00ec, impedisce al browser di accedere a siti Web che potrebbero sfruttare le vulnerabilit\u00e0 del browser o scaricare software pericoloso.<\/p>\n<p>&nbsp;<\/p>\n<p>Assicurati che il tuo browser sia sempre aggiornato. Molti degli attacchi basati sui cookie sono effettuati sfruttando i punti deboli delle vecchie versioni dei browser.<\/p>\n<p>&nbsp;<\/p>\n<p>I cookie sono ovunque e non possono essere evitati se desiderate accedere i migliori ed i pi\u00f9 grandi siti Web su Internet &#8211; locali o internazionali. Con una chiara comprensione di come funzionano e dei vantaggi che apportano, potete adottare le misure di sicurezza necessarie per navigare con sicurezza su internet.<\/p>\n<p>&nbsp;<\/p>\n<p>La disattivazione e il rifiuto di ricevere i cookie pu\u00f2 rendere alcuni siti impraticabili o difficili da visitare e utilizzare. Inoltre, il rifiuto di accettare i cookie non significa che non riceverai \/ vedrai pi\u00f9 pubblicit\u00e0 online.<\/p>\n<p>&nbsp;<\/p>\n<p>\u00c8 possibile configurare il browser in modo tale che questi cookie non siano pi\u00f9 accettati oppure puoi impostare il browser in modo che accetti i cookie da un certo sito. Ma per esempio, se non sei registrato come utilizzando i cookie, non potrai lasciare commenti.<\/p>\n<p>&nbsp;<\/p>\n<p>Tutti i browser moderni offrono la possibilit\u00e0 di modificare le impostazioni dei cookie. Queste impostazioni si trovano solitamente nel menu &#8220;opzioni&#8221; o &#8220;preferiti&#8221; del tuo browser.<\/p>\n<p>&nbsp;<\/p>\n<p>Per comprendere queste impostazioni, i seguenti link potrebbero essere utili, oppure puoi utilizzare l&#8217;opzione &#8220;Aiuto&#8221; del browser per ulteriori dettagli.<\/p>\n<p>Impostazioni dei cookie in Internet Explorer<\/p>\n<p>Impostazioni dei cookie in Firefox<\/p>\n<p>Impostazioni dei cookie in Chrome<\/p>\n<p>Impostazioni dei cookie in Safari<\/p>\n<p>Per le impostazioni dei cookie derivanti da terze parti, puoi visitare anche il sito:<\/p>\n<p><a href=\"http:\/\/www.youronlinechoices.com\/ro\/\">http:\/\/www.youronlinechoices.com\/ro\/<\/a><\/p>\n<p>&nbsp;<\/p>\n<ol start=\"10\">\n<li><strong> Link utili<\/strong><\/li>\n<\/ol>\n<p>Se vuoi saperne di pi\u00f9 sui cookie e a cosa sono utilizzati, ti consigliamo i seguenti link:<\/p>\n<ul>\n<li>Guida Microsoft per Cookie<\/li>\n<li>Tutto sui cookie<\/li>\n<li><a href=\"http:\/\/www.youronlinechoices.com\/ro\/\">http:\/\/www.youronlinechoices.com\/ro\/<\/a><\/li>\n<\/ul>\n<p>&nbsp;<\/p>\n<p>&nbsp;[\/vc_column_text][\/vc_column][\/vc_row]<\/p>\n<\/div>","protected":false},"excerpt":{"rendered":"<p>[vc_row][vc_column css=&#8221;.vc_custom_1560254502247{padding-top: 50px !important;padding-bottom: 50px !important;}&#8221;][vc_column_text] Politica per l\u2019uso dei cookie Questa politica riguarda i cookie e le pagine Web gestiti da MAGIK &#8211; 003 PROD SRL con sede a Jilava, Via Prelungirea \u015eos. Giurgiului 33 A, distretto di Ilfov, (di seguito denominato MAGIK 003). &nbsp; Che sono i Cookie? Il cookie \u00e8 un piccolo file formato [&hellip;]<\/p>\n","protected":false},"author":2,"featured_media":0,"parent":0,"menu_order":0,"comment_status":"closed","ping_status":"closed","template":"tpl\/page_fullwidth.php","meta":{"footnotes":""},"class_list":["post-2854","page","type-page","status-publish","hentry"],"_links":{"self":[{"href":"https:\/\/www.magik003.ro\/it\/wp-json\/wp\/v2\/pages\/2854","targetHints":{"allow":["GET"]}}],"collection":[{"href":"https:\/\/www.magik003.ro\/it\/wp-json\/wp\/v2\/pages"}],"about":[{"href":"https:\/\/www.magik003.ro\/it\/wp-json\/wp\/v2\/types\/page"}],"author":[{"embeddable":true,"href":"https:\/\/www.magik003.ro\/it\/wp-json\/wp\/v2\/users\/2"}],"replies":[{"embeddable":true,"href":"https:\/\/www.magik003.ro\/it\/wp-json\/wp\/v2\/comments?post=2854"}],"version-history":[{"count":0,"href":"https:\/\/www.magik003.ro\/it\/wp-json\/wp\/v2\/pages\/2854\/revisions"}],"wp:attachment":[{"href":"https:\/\/www.magik003.ro\/it\/wp-json\/wp\/v2\/media?parent=2854"}],"curies":[{"name":"wp","href":"https:\/\/api.w.org\/{rel}","templated":true}]}}